{"id":414,"date":"2017-01-04T09:49:58","date_gmt":"2017-01-04T09:49:58","guid":{"rendered":"http:\/\/themes.muffingroup.com\/be\/home\/?page_id=2"},"modified":"2020-12-03T09:36:25","modified_gmt":"2020-12-03T14:36:25","slug":"home","status":"publish","type":"page","link":"https:\/\/www.artejidorattan.com\/","title":{"rendered":"Inicio"},"content":{"rendered":"<p>[vc_row full_width=\u00bbstretch_row\u00bb full_height=\u00bbyes\u00bb content_placement=\u00bbmiddle\u00bb enable_first_overlay=\u00bbtrue\u00bb first_overlay_opacity=\u00bb25&#8243; enable_parallax=\u00bbtrue\u00bb parallax_background=\u00bb1692&#8243; parallax_style=\u00bbfixed\u00bb css=\u00bb.vc_custom_1585580179331{padding-top: 100px !important;padding-bottom: 100px !important;}\u00bb][vc_column]<div id=\"mpc_textblock-6469f49cc537bfd\" class=\"mpc-textblock mpc-init mpc-typography--preset_1 \"><p>Descubre nuestras l\u00edneas<\/p>\n<\/div>[\/vc_column][\/vc_row][vc_row full_width=\u00bbstretch_row_content_no_spaces\u00bb][vc_column]<div id=\"mpc_tabs-5369f49cc537cea\" class=\"mpc-tabs mpc-init mpc-transition mpc-tabs--top \"  data-active=\"1\"><div class=\"mpc-tabs__nav mpc-align--center\"><ul><li class=\"mpc-tabs__nav-item mpc-parent-hover mpc-active\" data-tab_id=\"1585568807451-4-5\"><div data-id=\"mpc_button-3869f49cc537ddc\" class=\"mpc-button mpc-init mpc-transition \" ><div class=\"mpc-button__content mpc-effect-type--none mpc-effect-side--none\"><span class=\"mpc-button__title mpc-transition\">Rattan Natural<\/span><\/div><div class=\"mpc-button__background mpc-transition mpc-effect-type--slide mpc-effect-side--left\"><\/div><\/div><\/li><li class=\"mpc-tabs__nav-item mpc-parent-hover\" data-tab_id=\"1585574256418-1\"><div data-id=\"mpc_button-8469f49cc537f9a\" class=\"mpc-button mpc-init mpc-transition \" ><div class=\"mpc-button__content mpc-effect-type--none mpc-effect-side--none\"><span class=\"mpc-button__title mpc-transition\">Rattan Sint\u00e9tico<\/span><\/div><div class=\"mpc-button__background mpc-transition mpc-effect-type--slide mpc-effect-side--left\"><\/div><\/div><\/li><li class=\"mpc-tabs__nav-item mpc-parent-hover\" data-tab_id=\"1585574984000-6\"><div data-id=\"mpc_button-4969f49cc538113\" class=\"mpc-button mpc-init mpc-transition \" ><div class=\"mpc-button__content mpc-effect-type--none mpc-effect-side--none\"><span class=\"mpc-button__title mpc-transition\">Aluminio<\/span><\/div><div class=\"mpc-button__background mpc-transition mpc-effect-type--slide mpc-effect-side--left\"><\/div><\/div><\/li><li class=\"mpc-tabs__nav-item mpc-parent-hover\" data-tab_id=\"1585575600033-10\"><div data-id=\"mpc_button-5369f49cc538240\" class=\"mpc-button mpc-init mpc-transition \" ><div class=\"mpc-button__content mpc-effect-type--none mpc-effect-side--none\"><span class=\"mpc-button__title mpc-transition\">Teca<\/span><\/div><div class=\"mpc-button__background mpc-transition mpc-effect-type--slide mpc-effect-side--left\"><\/div><\/div><\/li><li class=\"mpc-tabs__nav-item mpc-parent-hover\" data-tab_id=\"1585575964246-10\"><div data-id=\"mpc_button-6369f49cc538341\" class=\"mpc-button mpc-init mpc-transition \" ><div class=\"mpc-button__content mpc-effect-type--none mpc-effect-side--none\"><span class=\"mpc-button__title mpc-transition\">Tapizado Exterior<\/span><\/div><div class=\"mpc-button__background mpc-transition mpc-effect-type--slide mpc-effect-side--left\"><\/div><\/div><\/li><\/ul><\/div><div class=\"mpc-tabs__content mpc-transition\"><div class=\"mpc-tab mpc-container mpc-transition \" id=\"1585568807451-4-5\" data-active=\"true\"><div class=\"mpc-tab__content\">[vc_row_inner equal_height=\u00bbyes\u00bb content_placement=\u00bbmiddle\u00bb][vc_column_inner width=\u00bb1\/2&#8243; preset=\u00bbmpc_preset_72&#8243; content_preset=\u00bb_mpc_preset_72&#8243; alignment=\u00bbcenter\u00bb css=\u00bb.vc_custom_1607005096689{padding-top: 50px !important;padding-bottom: 50px !important;background-image: url(https:\/\/www.artejidorattan.com\/wp-content\/uploads\/2020\/12\/SalasEnRattanNatural-ArtejidoRattan16-1-scaled-1.jpg?id=1727) !important;background-position: center !important;background-repeat: no-repeat !important;background-size: cover !important;}\u00bb][vc_empty_space height=\u00bb400&#8243;][\/vc_column_inner][vc_column_inner width=\u00bb1\/2&#8243; alignment=\u00bbcenter\u00bb css=\u00bb.vc_custom_1585573955304{padding-top: 20px !important;padding-right: 20px !important;padding-bottom: 10px !important;padding-left: 20px !important;background-color: #cda317 !important;}\u00bb][vc_single_image image=\u00bb1671&#8243; img_size=\u00bbfull\u00bb alignment=\u00bbcenter\u00bb]<div id=\"mpc_textblock-10069f49cc537ea7\" class=\"mpc-textblock mpc-init mpc-typography--preset_0 \"><p>Muebles hechos con palma de\u00a0rattan\u00a0importada de Asia.\u00a0Completamente\u00a0hechos a mano por artesanos expertos, con acabados impecables y variedad de colores.<\/p>\n<p>Esta linea se recomienda para espacios cerrados y cubiertos, para garantizar su durabilidad con su toque c\u00e1lido y natural. Lo cual lo hace un elemento mas de decoraci\u00f3n para el hogar.<\/p>\n<\/div><a href=\"https:\/\/www.artejidorattan.com\/index.php\/product-category\/salas-en-rattan-natural\/\" title=\"\"  data-id=\"mpc_button-6169f49cc537f4a\" class=\"mpc-button mpc-init mpc-transition mpc-typography--preset_0 mpc-display--block \" ><div class=\"mpc-button__content mpc-effect-type--push_out mpc-effect-side--bottom\"><span class=\"mpc-button__title mpc-transition\">Visitar<\/span><i class=\"mpc-button__icon mpc-transition  fa fa-chevron-right\"><\/i><\/div><div class=\"mpc-button__background mpc-transition mpc-effect-type--fade mpc-effect-side--in\"><\/div><\/a>[\/vc_column_inner][\/vc_row_inner]<\/div><\/div><div class=\"mpc-tab mpc-container mpc-transition \" id=\"1585574256418-1\" data-active=\"false\"><div class=\"mpc-tab__content\">[vc_row_inner equal_height=\u00bbyes\u00bb content_placement=\u00bbmiddle\u00bb][vc_column_inner width=\u00bb1\/2&#8243; alignment=\u00bbcenter\u00bb css=\u00bb.vc_custom_1585573955304{padding-top: 20px !important;padding-right: 20px !important;padding-bottom: 10px !important;padding-left: 20px !important;background-color: #cda317 !important;}\u00bb][vc_single_image image=\u00bb1680&#8243; img_size=\u00bbfull\u00bb alignment=\u00bbcenter\u00bb]<div id=\"mpc_textblock-8369f49cc53802e\" class=\"mpc-textblock mpc-init mpc-typography--preset_0 \"><p>Linea dise\u00f1ada por su resistencia a la exposici\u00f3n directa e indirecta del sol y el agua. Con su estructura met\u00e1lica y tejido en fibra sint\u00e9tico a base de\u00a0PVC\u00a0con protecci\u00f3n\u00a0UV\u00a0altamente resistente a los rayos del sol y al agua. Esto hace que nuestra linea de\u00a0rattan\u00a0sint\u00e9tico tenga la resistencia y la durabilidad necesaria frente a estos factores.<\/p>\n<p>Su\u00a0tapiceria\u00a0es fabricada con telas impermeables de alta calidad que garantiza su durabilidad. La cual cuenta con gran variedad de colores y estampados diversos.<\/p>\n<\/div><a href=\"https:\/\/www.artejidorattan.com\/index.php\/product-category\/salas-en-rattan-sintetico\/\" title=\"\"  data-id=\"mpc_button-6569f49cc5380cd\" class=\"mpc-button mpc-init mpc-transition mpc-typography--preset_0 mpc-display--block \" ><div class=\"mpc-button__content mpc-effect-type--push_out mpc-effect-side--bottom\"><span class=\"mpc-button__title mpc-transition\">Visitar<\/span><i class=\"mpc-button__icon mpc-transition  fa fa-chevron-right\"><\/i><\/div><div class=\"mpc-button__background mpc-transition mpc-effect-type--fade mpc-effect-side--in\"><\/div><\/a>[\/vc_column_inner][vc_column_inner width=\u00bb1\/2&#8243; css=\u00bb.vc_custom_1585574720599{padding-top: 50px !important;padding-bottom: 50px !important;background-image: url(https:\/\/www.artejidorattan.com\/wp-content\/uploads\/2020\/03\/Columpios-ArtejidoRattan15-1.jpg?id=632) !important;background-position: center !important;background-repeat: no-repeat !important;background-size: cover !important;}\u00bb][vc_empty_space height=\u00bb400&#8243;][\/vc_column_inner][\/vc_row_inner]<\/div><\/div><div class=\"mpc-tab mpc-container mpc-transition \" id=\"1585574984000-6\" data-active=\"false\"><div class=\"mpc-tab__content\">[vc_row_inner equal_height=\u00bbyes\u00bb content_placement=\u00bbmiddle\u00bb][vc_column_inner width=\u00bb1\/2&#8243; css=\u00bb.vc_custom_1585575207365{padding-top: 50px !important;padding-bottom: 50px !important;background-image: url(https:\/\/www.artejidorattan.com\/wp-content\/uploads\/2020\/03\/ComedoresDeAluminio-ArtejidoRattan6-1.jpg?id=548) !important;background-position: center !important;background-repeat: no-repeat !important;background-size: cover !important;}\u00bb][vc_empty_space height=\u00bb400&#8243;][\/vc_column_inner][vc_column_inner width=\u00bb1\/2&#8243; alignment=\u00bbcenter\u00bb css=\u00bb.vc_custom_1585573955304{padding-top: 20px !important;padding-right: 20px !important;padding-bottom: 10px !important;padding-left: 20px !important;background-color: #cda317 !important;}\u00bb][vc_single_image image=\u00bb1729&#8243; img_size=\u00bbfull\u00bb alignment=\u00bbcenter\u00bb]<div id=\"mpc_textblock-469f49cc538175\" class=\"mpc-textblock mpc-init mpc-typography--preset_0 \"><p>L\u00ednea dise\u00f1ada para exteriores y semi exteriores. Estructura hecha en aluminio de alta resistencia y pintura al horno. Recomendada para espacios tipo terrazas, balcones y zonas\u00a0h\u00famedas.<\/p>\n<p>Su\u00a0tapicer\u00eda\u00a0es fabricada con telas impermeables de alta calidad que garantiza su durabilidad. La cual cuenta con gran variedad de colores y estampados diverso.<\/p>\n<\/div><a href=\"https:\/\/www.artejidorattan.com\/index.php\/product-category\/salas-de-aluminio\/\" title=\"\"  data-id=\"mpc_button-6569f49cc5381ff\" class=\"mpc-button mpc-init mpc-transition mpc-typography--preset_0 mpc-display--block \" ><div class=\"mpc-button__content mpc-effect-type--push_out mpc-effect-side--bottom\"><span class=\"mpc-button__title mpc-transition\">Visitar<\/span><i class=\"mpc-button__icon mpc-transition  fa fa-chevron-right\"><\/i><\/div><div class=\"mpc-button__background mpc-transition mpc-effect-type--fade mpc-effect-side--in\"><\/div><\/a>[\/vc_column_inner][\/vc_row_inner]<\/div><\/div><div class=\"mpc-tab mpc-container mpc-transition \" id=\"1585575600033-10\" data-active=\"false\"><div class=\"mpc-tab__content\">[vc_row_inner equal_height=\u00bbyes\u00bb content_placement=\u00bbmiddle\u00bb][vc_column_inner width=\u00bb1\/2&#8243; alignment=\u00bbcenter\u00bb css=\u00bb.vc_custom_1585573955304{padding-top: 20px !important;padding-right: 20px !important;padding-bottom: 10px !important;padding-left: 20px !important;background-color: #cda317 !important;}\u00bb][vc_single_image image=\u00bb1731&#8243; img_size=\u00bbfull\u00bb alignment=\u00bbcenter\u00bb]<div id=\"mpc_textblock-669f49cc538299\" class=\"mpc-textblock mpc-init mpc-typography--preset_0 \"><p>Dise\u00f1os\u00a0sofisticados\u00a0y modernos caracterizados por su tipo de madera de alta durabilidad en condiciones naturales extremos. Lo cual da su resistencia y versatilidad de manejo en la\u00a0fabricaci\u00f3n\u00a0 de muebles se ve reflejado en los dise\u00f1os sencillos y novedosos. Su uso se recomienda para\u00a0exteriores, jardines y terrazas.<\/p>\n<\/div><a href=\"https:\/\/www.artejidorattan.com\/index.php\/product-category\/salas-en-teca\/\" title=\"\"  data-id=\"mpc_button-4269f49cc538305\" class=\"mpc-button mpc-init mpc-transition mpc-typography--preset_0 mpc-display--block \" ><div class=\"mpc-button__content mpc-effect-type--push_out mpc-effect-side--bottom\"><span class=\"mpc-button__title mpc-transition\">Visitar<\/span><i class=\"mpc-button__icon mpc-transition  fa fa-chevron-right\"><\/i><\/div><div class=\"mpc-button__background mpc-transition mpc-effect-type--fade mpc-effect-side--in\"><\/div><\/a>[\/vc_column_inner][vc_column_inner width=\u00bb1\/2&#8243; css=\u00bb.vc_custom_1585575809552{padding-top: 50px !important;padding-bottom: 50px !important;background-image: url(https:\/\/www.artejidorattan.com\/wp-content\/uploads\/2020\/03\/SalasEnTeca-ArtejidoRattan22-1-scaled.jpg?id=824) !important;background-position: center !important;background-repeat: no-repeat !important;background-size: cover !important;}\u00bb][vc_empty_space height=\u00bb400&#8243;][\/vc_column_inner][\/vc_row_inner]<\/div><\/div><div class=\"mpc-tab mpc-container mpc-transition \" id=\"1585575964246-10\" data-active=\"false\"><div class=\"mpc-tab__content\">[vc_row_inner equal_height=\u00bbyes\u00bb content_placement=\u00bbmiddle\u00bb][vc_column_inner width=\u00bb1\/2&#8243; css=\u00bb.vc_custom_1585576111325{padding-top: 50px !important;padding-bottom: 50px !important;background-image: url(https:\/\/www.artejidorattan.com\/wp-content\/uploads\/2020\/03\/SalasTapizadasParaExterior-ArtejidoRattan14-1-scaled.jpg?id=760) !important;background-position: center !important;background-repeat: no-repeat !important;background-size: cover !important;}\u00bb][vc_empty_space height=\u00bb400&#8243;][\/vc_column_inner][vc_column_inner width=\u00bb1\/2&#8243; alignment=\u00bbcenter\u00bb css=\u00bb.vc_custom_1585573955304{padding-top: 20px !important;padding-right: 20px !important;padding-bottom: 10px !important;padding-left: 20px !important;background-color: #cda317 !important;}\u00bb][vc_single_image image=\u00bb1730&#8243; img_size=\u00bbfull\u00bb alignment=\u00bbcenter\u00bb]<div id=\"mpc_textblock-9469f49cc538396\" class=\"mpc-textblock mpc-init mpc-typography--preset_0 \"><p>Nuestras salas tapizadas especiales para exterior total y semi exterior. Dan la idea de estar en una sala tradicional tapizada, pero se caracteriza por su novedosa\u00a0funcionalidad\u00a0para uso en exteriores.\u00a0Donde tendr\u00e1s la comodidad de una sala tradicional pero en zonas al aire libre. Resistentes al sol y agua. Ideales para\u00a0hoteler\u00eda.<\/p>\n<\/div><a href=\"https:\/\/www.artejidorattan.com\/index.php\/product-category\/salas-tapizadas-para-exterior\/\" title=\"\"  data-id=\"mpc_button-1769f49cc538448\" class=\"mpc-button mpc-init mpc-transition mpc-typography--preset_0 mpc-display--block \" ><div class=\"mpc-button__content mpc-effect-type--push_out mpc-effect-side--bottom\"><span class=\"mpc-button__title mpc-transition\">Visitar<\/span><i class=\"mpc-button__icon mpc-transition  fa fa-chevron-right\"><\/i><\/div><div class=\"mpc-button__background mpc-transition mpc-effect-type--fade mpc-effect-side--in\"><\/div><\/a>[\/vc_column_inner][\/vc_row_inner]<\/div><\/div><\/div><\/div>[\/vc_column][\/vc_row]<\/p>\n","protected":false},"excerpt":{"rendered":"<p>[vc_row full_width=\u00bbstretch_row\u00bb full_height=\u00bbyes\u00bb content_placement=\u00bbmiddle\u00bb enable_first_overlay=\u00bbtrue\u00bb first_overlay_opacity=\u00bb25&#8243; enable_parallax=\u00bbtrue\u00bb parallax_background=\u00bb1692&#8243; parallax_style=\u00bbfixed\u00bb css=\u00bb.vc_custom_1585580179331{padding-top: 100px !important;padding-bottom: 100px !important;}\u00bb][vc_column][\/vc_column][\/vc_row][vc_row full_width=\u00bbstretch_row_content_no_spaces\u00bb][vc_column][\/vc_column][\/vc_row]<\/p>\n","protected":false},"author":1,"featured_media":0,"parent":0,"menu_order":0,"comment_status":"closed","ping_status":"open","template":"","meta":[],"_links":{"self":[{"href":"https:\/\/www.artejidorattan.com\/index.php\/wp-json\/wp\/v2\/pages\/414"}],"collection":[{"href":"https:\/\/www.artejidorattan.com\/index.php\/wp-json\/wp\/v2\/pages"}],"about":[{"href":"https:\/\/www.artejidorattan.com\/index.php\/wp-json\/wp\/v2\/types\/page"}],"author":[{"embeddable":true,"href":"https:\/\/www.artejidorattan.com\/index.php\/wp-json\/wp\/v2\/users\/1"}],"replies":[{"embeddable":true,"href":"https:\/\/www.artejidorattan.com\/index.php\/wp-json\/wp\/v2\/comments?post=414"}],"version-history":[{"count":98,"href":"https:\/\/www.artejidorattan.com\/index.php\/wp-json\/wp\/v2\/pages\/414\/revisions"}],"predecessor-version":[{"id":1733,"href":"https:\/\/www.artejidorattan.com\/index.php\/wp-json\/wp\/v2\/pages\/414\/revisions\/1733"}],"wp:attachment":[{"href":"https:\/\/www.artejidorattan.com\/index.php\/wp-json\/wp\/v2\/media?parent=414"}],"curies":[{"name":"wp","href":"https:\/\/api.w.org\/{rel}","templated":true}]}}