{"id":1298,"date":"2020-03-28T09:09:03","date_gmt":"2020-03-28T14:09:03","guid":{"rendered":"https:\/\/www.artejidorattan.com\/index.php\/request-quote\/"},"modified":"2020-03-30T13:45:22","modified_gmt":"2020-03-30T18:45:22","slug":"solicitud-de-cotizacion","status":"publish","type":"page","link":"https:\/\/www.artejidorattan.com\/index.php\/solicitud-de-cotizacion\/","title":{"rendered":"Solicitud de Cotizaci\u00f3n"},"content":{"rendered":"\n<div class=\"woocommerce ywraq-wrapper\">\n\n\t    <div id=\"yith-ywraq-message\"><div class=\"ywraq-question-message\">\n\t<\/div><\/div>\n\t\t<p class=\"ywraq_list_empty_message\">Tu lista est\u00e1 vac\u00eda, a\u00f1ade productos a la lista para enviar una solicitud<p><p class=\"return-to-shop\"><a class=\"button wc-backward\" href=\"https:\/\/www.artejidorattan.com\">Volver a la tienda<\/a><\/p>\n\n\t    <\/div>\n","protected":false},"excerpt":{"rendered":"Tu lista est\u00e1 vac\u00eda, a\u00f1ade productos a la lista para enviar una solicitudVolver a la tienda","protected":false},"author":1,"featured_media":0,"parent":0,"menu_order":0,"comment_status":"closed","ping_status":"closed","template":"","meta":[],"_links":{"self":[{"href":"https:\/\/www.artejidorattan.com\/index.php\/wp-json\/wp\/v2\/pages\/1298"}],"collection":[{"href":"https:\/\/www.artejidorattan.com\/index.php\/wp-json\/wp\/v2\/pages"}],"about":[{"href":"https:\/\/www.artejidorattan.com\/index.php\/wp-json\/wp\/v2\/types\/page"}],"author":[{"embeddable":true,"href":"https:\/\/www.artejidorattan.com\/index.php\/wp-json\/wp\/v2\/users\/1"}],"replies":[{"embeddable":true,"href":"https:\/\/www.artejidorattan.com\/index.php\/wp-json\/wp\/v2\/comments?post=1298"}],"version-history":[{"count":1,"href":"https:\/\/www.artejidorattan.com\/index.php\/wp-json\/wp\/v2\/pages\/1298\/revisions"}],"predecessor-version":[{"id":1714,"href":"https:\/\/www.artejidorattan.com\/index.php\/wp-json\/wp\/v2\/pages\/1298\/revisions\/1714"}],"wp:attachment":[{"href":"https:\/\/www.artejidorattan.com\/index.php\/wp-json\/wp\/v2\/media?parent=1298"}],"curies":[{"name":"wp","href":"https:\/\/api.w.org\/{rel}","templated":true}]}}